{"id":81,"date":"2014-05-04T22:58:21","date_gmt":"2014-05-04T22:58:21","guid":{"rendered":"http:\/\/www.college-st-michel.info\/wp\/?page_id=81"},"modified":"2014-05-04T22:58:21","modified_gmt":"2014-05-04T22:58:21","slug":"sites-lies","status":"publish","type":"page","link":"https:\/\/college-st-michel.info\/wp\/sites-lies\/","title":{"rendered":"Sites li\u00e9s"},"content":{"rendered":"<p>Liste de sites INTERNET li\u00e9s au coll\u00e8ge<\/p>\n","protected":false},"excerpt":{"rendered":"<div class=\"mh-excerpt\"><p>Liste de sites INTERNET li\u00e9s au coll\u00e8ge<\/p>\n<\/div>","protected":false},"author":3,"featured_media":0,"parent":0,"menu_order":0,"comment_status":"closed","ping_status":"closed","template":"","meta":{"footnotes":""},"class_list":["post-81","page","type-page","status-publish","hentry"],"_links":{"self":[{"href":"https:\/\/college-st-michel.info\/wp\/wp-json\/wp\/v2\/pages\/81","targetHints":{"allow":["GET"]}}],"collection":[{"href":"https:\/\/college-st-michel.info\/wp\/wp-json\/wp\/v2\/pages"}],"about":[{"href":"https:\/\/college-st-michel.info\/wp\/wp-json\/wp\/v2\/types\/page"}],"author":[{"embeddable":true,"href":"https:\/\/college-st-michel.info\/wp\/wp-json\/wp\/v2\/users\/3"}],"replies":[{"embeddable":true,"href":"https:\/\/college-st-michel.info\/wp\/wp-json\/wp\/v2\/comments?post=81"}],"version-history":[{"count":1,"href":"https:\/\/college-st-michel.info\/wp\/wp-json\/wp\/v2\/pages\/81\/revisions"}],"predecessor-version":[{"id":82,"href":"https:\/\/college-st-michel.info\/wp\/wp-json\/wp\/v2\/pages\/81\/revisions\/82"}],"wp:attachment":[{"href":"https:\/\/college-st-michel.info\/wp\/wp-json\/wp\/v2\/media?parent=81"}],"curies":[{"name":"wp","href":"https:\/\/api.w.org\/{rel}","templated":true}]}}