{"id":210,"date":"2014-06-09T20:32:19","date_gmt":"2014-06-09T20:32:19","guid":{"rendered":"http:\/\/www.college-st-michel.info\/wp\/?page_id=210"},"modified":"2024-10-08T13:49:05","modified_gmt":"2024-10-08T13:49:05","slug":"telephones-utiles","status":"publish","type":"page","link":"https:\/\/college-st-michel.info\/wp\/telephones-utiles\/","title":{"rendered":"Contacts utiles"},"content":{"rendered":"<p><a href=\"http:\/\/www.college-st-michel.info\/wp\/wp-content\/uploads\/2014\/06\/telephone.jpeg\"><img loading=\"lazy\" decoding=\"async\" class=\"size-full wp-image-235 aligncenter\" src=\"http:\/\/www.college-st-michel.info\/wp\/wp-content\/uploads\/2014\/06\/telephone.jpeg\" alt=\"telephone\" width=\"275\" height=\"183\" \/><\/a><\/p>\n<p><b>Envoyer un cv, contacter le directeur, etc\u2026\u00a0:<\/b><\/p>\n<p><span style=\"font-weight: 400;\">Secr\u00e9tariat du directeur\u00a0: 02\/739.34.16 <\/span><a href=\"mailto:direction@college-st-michel.be\"><span style=\"font-weight: 400;\">direction@college-st-michel.be<\/span><\/a><\/p>\n<p>&nbsp;<\/p>\n<p><strong>Adresse postale :\u00a0<\/strong><\/p>\n<p>Coll\u00e8ge Saint-Michel &#8211; 26 Boulevard Saint-Michel &#8211; 1040 Etterbeek<\/p>\n<p>&nbsp;<\/p>\n<p><b>Changement de domicile, mail, t\u00e9l\u00e9phone par rapport \u00e0 un \u00e9l\u00e8ve\u00a0:<\/b><\/p>\n<p><span style=\"font-weight: 400;\">Secr\u00e9tariat \u00e9l\u00e8ves : 02\/739.33.90 <a href=\"mailto:sec.eleves@college-st-michel.be\"><span style=\"font-weight: 400;\">sec.eleves@college-st-michel.be<\/span><\/a><\/span><\/p>\n<p>&nbsp;<\/p>\n<p><b>En cas d\u2019absence d\u2019un \u00e9l\u00e8ve\u00a0: contacter l\u2019\u00e9ducateur de niveau\u00a0:<\/b><\/p>\n<p><span style=\"font-weight: 400;\">Educateur 1\u00e8\u00a0: 02\/739.34.19 <\/span><a href=\"mailto:educ1@college-st-michel.be\"><span style=\"font-weight: 400;\">educ1@college-st-michel.be<\/span><\/a><span style=\"font-weight: 400;\">\u00a0<\/span><\/p>\n<p><span style=\"font-weight: 400;\">Educateur 2\u00e8\u00a0: 02\/739.34.25 <\/span><a href=\"mailto:educ2@college-st-michel.be\"><span style=\"font-weight: 400;\">educ2@college-st-michel.be<\/span><\/a><\/p>\n<p><span style=\"font-weight: 400;\">Educateur 3\u00e8\u00a0: 02\/739.34.22 <\/span><a href=\"mailto:educ3@college-st-michel.be\"><span style=\"font-weight: 400;\">educ3@college-st-michel.be<\/span><\/a><\/p>\n<p><span style=\"font-weight: 400;\">Educateur 4\u00e8\u00a0: 02\/739.34.24 <\/span><a href=\"mailto:educ4@college-st-michel.be\"><span style=\"font-weight: 400;\">educ4@college-st-michel.be<\/span><\/a><\/p>\n<p><span style=\"font-weight: 400;\">Educateur 5\u00e8\u00a0: 02\/739.34.07 <\/span><a href=\"mailto:educ5@college-st-michel.be\"><span style=\"font-weight: 400;\">educ5@college-st-michel.be<\/span><\/a><\/p>\n<p><span style=\"font-weight: 400;\">Educateur 6\u00e8\u00a0: 02\/739.34.30 <\/span><a href=\"mailto:educ6@college-st-michel.be\"><span style=\"font-weight: 400;\">educ6@college-st-michel.be<\/span><\/a><\/p>\n<p>&nbsp;<\/p>\n<p><b>Inscription d\u2019un \u00e9l\u00e8ve pour l\u2019ann\u00e9e en cours, contacter par mail \u00e0 l&rsquo;adresse suivante :<\/b><\/p>\n<p><span style=\"color: #000000;\"><a href=\"mailto:inscriptions.secondaire@college-st-michel.be\" target=\"_blank\" rel=\"noopener\">inscriptions.secondaire@college-st-michel.be<\/a><\/span><\/p>\n<p>&nbsp;<\/p>\n<p><b>Inscription d\u2019un \u00e9l\u00e8ve pour l\u2019ann\u00e9e suivante\u00a0:\u00a0<\/b><\/p>\n<p><span style=\"font-weight: 400;\">Page d\u2019accueil du site \u00e0 partir de +\/- mi-octobre, inscriptions <\/span><span style=\"font-weight: 400;\">aux soir\u00e9es d\u2019information<\/span><span style=\"font-weight: 400;\"> par formulaire \u00e9lectronique (ceci n\u2019\u00e9quivaut pas \u00e0 une inscription de l\u2019\u00e9l\u00e8ve dans l\u2019\u00e9tablissement).<\/span><\/p>\n<p>&nbsp;<\/p>\n<p>&nbsp;<\/p>\n","protected":false},"excerpt":{"rendered":"<div class=\"mh-excerpt\"><p>Envoyer un cv, contacter le directeur, etc\u2026\u00a0: Secr\u00e9tariat du directeur\u00a0: 02\/739.34.16 direction@college-st-michel.be &nbsp; Adresse postale :\u00a0 Coll\u00e8ge Saint-Michel &#8211; 26 Boulevard Saint-Michel &#8211; 1040 Etterbeek <a class=\"mh-excerpt-more\" href=\"https:\/\/college-st-michel.info\/wp\/telephones-utiles\/\" title=\"Contacts utiles\">[&#8230;]<\/a><\/p>\n<\/div>","protected":false},"author":3,"featured_media":0,"parent":0,"menu_order":0,"comment_status":"closed","ping_status":"closed","template":"","meta":{"footnotes":""},"class_list":["post-210","page","type-page","status-publish","hentry"],"_links":{"self":[{"href":"https:\/\/college-st-michel.info\/wp\/wp-json\/wp\/v2\/pages\/210","targetHints":{"allow":["GET"]}}],"collection":[{"href":"https:\/\/college-st-michel.info\/wp\/wp-json\/wp\/v2\/pages"}],"about":[{"href":"https:\/\/college-st-michel.info\/wp\/wp-json\/wp\/v2\/types\/page"}],"author":[{"embeddable":true,"href":"https:\/\/college-st-michel.info\/wp\/wp-json\/wp\/v2\/users\/3"}],"replies":[{"embeddable":true,"href":"https:\/\/college-st-michel.info\/wp\/wp-json\/wp\/v2\/comments?post=210"}],"version-history":[{"count":28,"href":"https:\/\/college-st-michel.info\/wp\/wp-json\/wp\/v2\/pages\/210\/revisions"}],"predecessor-version":[{"id":1782,"href":"https:\/\/college-st-michel.info\/wp\/wp-json\/wp\/v2\/pages\/210\/revisions\/1782"}],"wp:attachment":[{"href":"https:\/\/college-st-michel.info\/wp\/wp-json\/wp\/v2\/media?parent=210"}],"curies":[{"name":"wp","href":"https:\/\/api.w.org\/{rel}","templated":true}]}}